{"id":2536,"date":"2022-02-07T16:35:05","date_gmt":"2022-02-07T15:35:05","guid":{"rendered":"https:\/\/www.velocity-limburg.nl\/?page_id=2536"},"modified":"2023-03-03T19:49:41","modified_gmt":"2023-03-03T18:49:41","slug":"registreren","status":"publish","type":"page","link":"https:\/\/www.velocity-limburg.nl\/en\/registreren\/","title":{"rendered":"registration"},"content":{"rendered":"<h1>Registration<\/h1>\n<p>The use of our e-bikes is possible after one-time registration and verification of your personal data. We carry out the verification to avoid misuse. Please select one of the following options to continue.<\/p>\n<h2>Registration<\/h2>\n<p>Your data is first recorded online. In the next step, we check the accuracy of your information. Download the Velocity app and follow the instructions for verification.<\/p>\n<p><a href=\"https:\/\/portal.velocitymobility.com\/js_sign_up\/velocity-limburg#\/account\" target=\"_blank\" role=\"button\" rel=\"noopener\"><br \/>\nREGISTER HERE<br \/>\n<\/a><\/p>\n<h2>Velocity ab 16<\/h2>\n<h3>Velocity f\u00fcr Minderj\u00e4hrige \u00fcber 16 Jahre<\/h3>\n<p>Du bist 16 oder \u00e4lter, hast das 18. Lebensjahr aber noch nicht erreicht und m\u00f6chtest unsere Bikes nutzen? Nichts leichter als das! Um unsere Bikes nutzen zu k\u00f6nnen, gehe bei der Registrierung bitte wie folgt vor:&nbsp;<\/p>\n<h2>01<\/h2>\n<h3>Formular downloaden<\/h3>\n<p>Registriere Dich <a href=\"https:\/\/portal.velocitymobility.com\/js_sign_up\/1784553531\">hier im Registrierungsportal<\/a>. Downloade anschlie\u00dfend das Registrierungsformular&nbsp;<em>Velocity ab 16<\/em>&nbsp;unter folgendem Link:&nbsp;<a href=\"https:\/\/www.velocity-aachen.de\/assets\/files\/Registrierung_ab_16_mit_Kontodaten_neu-interaktiv.pdf\" target=\"_blank\" rel=\"noopener\">Registrierungsformular Velocity ab 16<\/a><\/p>\n<h2>02<\/h2>\n<h3>Formular ausf\u00fcllen<\/h3>\n<p>Drucke und f\u00fclle das Formular aus und lasse es von beiden Erziehungsberechtigten\/gesetzlichen Vertreten (sofern vorhanden) unterzeichnen. Diese best\u00e4tigen damit die AGB von Velocity Region Aachen.<\/p>\n<h2>03<\/h2>\n<h3>Formular zusenden<\/h3>\n<p>Sende das Formular, deinen Personalausweis sowie den Personalausweis beider Erziehungsberechtigten\/gesetzlichen Vertretern als Scan oder Fotokopie an&nbsp;<a href=\"mailto:info@velocity-limburg.nl\">info@velocity-limburg.nl<\/a>.<\/p>\n<h2>04<\/h2>\n<h3>Registrieren und losfahren<\/h3>\n<p>Nach erfolgreicher Pr\u00fcfung wirst Du freigeschaltet. Gute Fahrt!&nbsp; &nbsp;<\/p>\n<h3>Download<\/h3>\n<p>Lade hier das Registrierungsformular&nbsp;<em>Velocity ab 16<\/em>&nbsp;herunter:<\/p>\n<p><a href=\"https:\/\/www.velocity-limburg.nl\/wp-content\/uploads\/2021\/11\/Registrierung_ab_16.pdf\" target=\"_blank\" role=\"button\" rel=\"noopener\"><br \/>\nVELOCITY AB 16<br \/>\n<\/a><\/p>\n","protected":false},"excerpt":{"rendered":"<p>Registration The use of our e-bikes is possible after one-time registration and verification of your personal data. We carry out the verification to avoid misuse. Please select one of the following options to continue. Registration Your data is first recorded online. In the next step, we check the accuracy of your information. Download the Velocity &hellip;<\/p>\n<p class=\"read-more\"> <a class=\"\" href=\"https:\/\/www.velocity-limburg.nl\/en\/registreren\/\"> <span class=\"screen-reader-text\">registration<\/span> Read More &raquo;<\/a><\/p>\n","protected":false},"author":9,"featured_media":3244,"parent":0,"menu_order":0,"comment_status":"closed","ping_status":"closed","template":"","meta":{"site-sidebar-layout":"no-sidebar","site-content-layout":"page-builder","ast-global-header-display":"","ast-main-header-display":"","ast-hfb-above-header-display":"","ast-hfb-below-header-display":"","ast-hfb-mobile-header-display":"","site-post-title":"disabled","ast-breadcrumbs-content":"","ast-featured-img":"disabled","footer-sml-layout":"","theme-transparent-header-meta":"enabled","adv-header-id-meta":"","stick-header-meta":"","header-above-stick-meta":"","header-main-stick-meta":"","header-below-stick-meta":"","footnotes":""},"class_list":["post-2536","page","type-page","status-publish","has-post-thumbnail","hentry"],"translation":{"provider":"WPGlobus","version":"3.0.2","language":"en","enabled_languages":["nl","de","en"],"languages":{"nl":{"title":true,"content":true,"excerpt":false},"de":{"title":true,"content":true,"excerpt":false},"en":{"title":true,"content":true,"excerpt":false}}},"yoast_head":"<!-- This site is optimized with the Yoast SEO plugin v20.10 - https:\/\/yoast.com\/wordpress\/plugins\/seo\/ -->\n<title>Register | Rent | Arrive | Velocity Limburg<\/title>\n<meta name=\"description\" content=\"The use of our electric bicycles is possible after a one-time registration with your personal data.\" \/>\n<meta name=\"robots\" content=\"index, follow, max-snippet:-1, max-image-preview:large, max-video-preview:-1\" \/>\n<link rel=\"canonical\" href=\"https:\/\/www.velocity-limburg.nl\/registreren\/\" \/>\n<meta property=\"og:locale\" content=\"en_US\" \/>\n<meta property=\"og:type\" content=\"article\" \/>\n<meta property=\"og:title\" content=\"Register | Rent | Arrive | Velocity Limburg\" \/>\n<meta property=\"og:description\" content=\"The use of our electric bicycles is possible after a one-time registration with your personal data.\" \/>\n<meta property=\"og:url\" content=\"https:\/\/www.velocity-limburg.nl\/registreren\/\" \/>\n<meta property=\"og:site_name\" content=\"Velocity Limburg B.V.\" \/>\n<meta property=\"article:publisher\" content=\"https:\/\/www.facebook.com\/velocitysiegerland\" \/>\n<meta property=\"article:modified_time\" content=\"2023-03-03T18:49:41+00:00\" \/>\n<meta property=\"og:image\" content=\"https:\/\/www.velocity-limburg.nl\/wp-content\/uploads\/2022\/06\/LOG05624-scaled.jpg\" \/>\n\t<meta property=\"og:image:width\" content=\"2560\" \/>\n\t<meta property=\"og:image:height\" content=\"1707\" \/>\n\t<meta property=\"og:image:type\" content=\"image\/jpeg\" \/>\n<meta name=\"twitter:card\" content=\"summary_large_image\" \/>\n<meta name=\"twitter:label1\" content=\"Est. reading time\" \/>\n\t<meta name=\"twitter:data1\" content=\"2 minutes\" \/>\n<script type=\"application\/ld+json\" class=\"yoast-schema-graph\">{\"@context\":\"https:\/\/schema.org\",\"@graph\":[{\"@type\":\"WebPage\",\"@id\":\"https:\/\/www.velocity-limburg.nl\/registreren\/\",\"url\":\"https:\/\/www.velocity-limburg.nl\/registreren\/\",\"name\":\"Registreren | Ontlenen | Aankomen | Velocity Limburg\",\"isPartOf\":{\"@id\":\"https:\/\/www.velocity-limburg.nl\/#website\"},\"datePublished\":\"2022-02-07T15:35:05+00:00\",\"dateModified\":\"2023-03-03T18:49:41+00:00\",\"description\":\"Het gebruik van onze elektrische fietsen is mogelijk na een eenmalige registratie met uw persoonlijke gegevens.\",\"breadcrumb\":{\"@id\":\"https:\/\/www.velocity-limburg.nl\/registreren\/#breadcrumb\"},\"inLanguage\":\"en-US\",\"potentialAction\":[{\"@type\":\"ReadAction\",\"target\":[\"https:\/\/www.velocity-limburg.nl\/registreren\/\"]}]},{\"@type\":\"BreadcrumbList\",\"@id\":\"https:\/\/www.velocity-limburg.nl\/registreren\/#breadcrumb\",\"itemListElement\":[{\"@type\":\"ListItem\",\"position\":1,\"name\":\"Startseite\",\"item\":\"https:\/\/www.velocity-limburg.nl\/\"},{\"@type\":\"ListItem\",\"position\":2,\"name\":\"Registrierung\"}]},{\"@type\":\"WebSite\",\"@id\":\"https:\/\/www.velocity-limburg.nl\/#website\",\"url\":\"https:\/\/www.velocity-limburg.nl\/\",\"name\":\"Velocity Limburg B.V.\",\"description\":\"\",\"publisher\":{\"@id\":\"https:\/\/www.velocity-limburg.nl\/#organization\"},\"potentialAction\":[{\"@type\":\"SearchAction\",\"target\":{\"@type\":\"EntryPoint\",\"urlTemplate\":\"https:\/\/www.velocity-limburg.nl\/?s={search_term_string}\"},\"query-input\":\"required name=search_term_string\"}],\"inLanguage\":\"en-US\"},{\"@type\":\"Organization\",\"@id\":\"https:\/\/www.velocity-limburg.nl\/#organization\",\"name\":\"Velocity Limburg B.V.\",\"url\":\"https:\/\/www.velocity-limburg.nl\/\",\"logo\":{\"@type\":\"ImageObject\",\"inLanguage\":\"en-US\",\"@id\":\"https:\/\/www.velocity-limburg.nl\/#\/schema\/logo\/image\/\",\"url\":\"https:\/\/www.velocity-limburg.nl\/wp-content\/uploads\/2021\/12\/VCL_Logo_weiss.png\",\"contentUrl\":\"https:\/\/www.velocity-limburg.nl\/wp-content\/uploads\/2021\/12\/VCL_Logo_weiss.png\",\"width\":2202,\"height\":728,\"caption\":\"Velocity Limburg B.V.\"},\"image\":{\"@id\":\"https:\/\/www.velocity-limburg.nl\/#\/schema\/logo\/image\/\"},\"sameAs\":[\"https:\/\/www.facebook.com\/velocitysiegerland\",\"https:\/\/www.instagram.com\/velocity.siegerland\/\",\"https:\/\/www.linkedin.com\/company\/velocity-mobility\/\"]}]}<\/script>\n<!-- \/ Yoast SEO plugin. -->","yoast_head_json":{"title":"Register | Rent | Arrive | Velocity Limburg","description":"The use of our electric bicycles is possible after a one-time registration with your personal data.","robots":{"index":"index","follow":"follow","max-snippet":"max-snippet:-1","max-image-preview":"max-image-preview:large","max-video-preview":"max-video-preview:-1"},"canonical":"https:\/\/www.velocity-limburg.nl\/registreren\/","og_locale":"en_US","og_type":"article","og_title":"Register | Rent | Arrive | Velocity Limburg","og_description":"The use of our electric bicycles is possible after a one-time registration with your personal data.","og_url":"https:\/\/www.velocity-limburg.nl\/registreren\/","og_site_name":"Velocity Limburg B.V.","article_publisher":"https:\/\/www.facebook.com\/velocitysiegerland","article_modified_time":"2023-03-03T18:49:41+00:00","og_image":[{"width":2560,"height":1707,"url":"https:\/\/www.velocity-limburg.nl\/wp-content\/uploads\/2022\/06\/LOG05624-scaled.jpg","type":"image\/jpeg"}],"twitter_card":"summary_large_image","twitter_misc":{"Est. reading time":"2 minutes"},"schema":{"@context":"https:\/\/schema.org","@graph":[{"@type":"WebPage","@id":"https:\/\/www.velocity-limburg.nl\/registreren\/","url":"https:\/\/www.velocity-limburg.nl\/registreren\/","name":"Registreren | Ontlenen | Aankomen | Velocity Limburg","isPartOf":{"@id":"https:\/\/www.velocity-limburg.nl\/#website"},"datePublished":"2022-02-07T15:35:05+00:00","dateModified":"2023-03-03T18:49:41+00:00","description":"Het gebruik van onze elektrische fietsen is mogelijk na een eenmalige registratie met uw persoonlijke gegevens.","breadcrumb":{"@id":"https:\/\/www.velocity-limburg.nl\/registreren\/#breadcrumb"},"inLanguage":"en-US","potentialAction":[{"@type":"ReadAction","target":["https:\/\/www.velocity-limburg.nl\/registreren\/"]}]},{"@type":"BreadcrumbList","@id":"https:\/\/www.velocity-limburg.nl\/registreren\/#breadcrumb","itemListElement":[{"@type":"ListItem","position":1,"name":"Startseite","item":"https:\/\/www.velocity-limburg.nl\/"},{"@type":"ListItem","position":2,"name":"Registrierung"}]},{"@type":"WebSite","@id":"https:\/\/www.velocity-limburg.nl\/#website","url":"https:\/\/www.velocity-limburg.nl\/","name":"Velocity Limburg B.V.","description":"","publisher":{"@id":"https:\/\/www.velocity-limburg.nl\/#organization"},"potentialAction":[{"@type":"SearchAction","target":{"@type":"EntryPoint","urlTemplate":"https:\/\/www.velocity-limburg.nl\/?s={search_term_string}"},"query-input":"required name=search_term_string"}],"inLanguage":"en-US"},{"@type":"Organization","@id":"https:\/\/www.velocity-limburg.nl\/#organization","name":"Velocity Limburg B.V.","url":"https:\/\/www.velocity-limburg.nl\/","logo":{"@type":"ImageObject","inLanguage":"en-US","@id":"https:\/\/www.velocity-limburg.nl\/#\/schema\/logo\/image\/","url":"https:\/\/www.velocity-limburg.nl\/wp-content\/uploads\/2021\/12\/VCL_Logo_weiss.png","contentUrl":"https:\/\/www.velocity-limburg.nl\/wp-content\/uploads\/2021\/12\/VCL_Logo_weiss.png","width":2202,"height":728,"caption":"Velocity Limburg B.V."},"image":{"@id":"https:\/\/www.velocity-limburg.nl\/#\/schema\/logo\/image\/"},"sameAs":["https:\/\/www.facebook.com\/velocitysiegerland","https:\/\/www.instagram.com\/velocity.siegerland\/","https:\/\/www.linkedin.com\/company\/velocity-mobility\/"]}]}},"_links":{"self":[{"href":"https:\/\/www.velocity-limburg.nl\/en\/wp-json\/wp\/v2\/pages\/2536","targetHints":{"allow":["GET"]}}],"collection":[{"href":"https:\/\/www.velocity-limburg.nl\/en\/wp-json\/wp\/v2\/pages"}],"about":[{"href":"https:\/\/www.velocity-limburg.nl\/en\/wp-json\/wp\/v2\/types\/page"}],"author":[{"embeddable":true,"href":"https:\/\/www.velocity-limburg.nl\/en\/wp-json\/wp\/v2\/users\/9"}],"replies":[{"embeddable":true,"href":"https:\/\/www.velocity-limburg.nl\/en\/wp-json\/wp\/v2\/comments?post=2536"}],"version-history":[{"count":10,"href":"https:\/\/www.velocity-limburg.nl\/en\/wp-json\/wp\/v2\/pages\/2536\/revisions"}],"predecessor-version":[{"id":3609,"href":"https:\/\/www.velocity-limburg.nl\/en\/wp-json\/wp\/v2\/pages\/2536\/revisions\/3609"}],"wp:featuredmedia":[{"embeddable":true,"href":"https:\/\/www.velocity-limburg.nl\/en\/wp-json\/wp\/v2\/media\/3244"}],"wp:attachment":[{"href":"https:\/\/www.velocity-limburg.nl\/en\/wp-json\/wp\/v2\/media?parent=2536"}],"curies":[{"name":"wp","href":"https:\/\/api.w.org\/{rel}","templated":true}]}}