{"id":452,"date":"2018-11-27T09:17:56","date_gmt":"2018-11-27T08:17:56","guid":{"rendered":"https:\/\/www.velocity-limburg.nl\/contact\/"},"modified":"2022-10-27T08:09:29","modified_gmt":"2022-10-27T06:09:29","slug":"hulp","status":"publish","type":"page","link":"https:\/\/www.velocity-limburg.nl\/de\/hulp\/","title":{"rendered":"Support"},"content":{"rendered":"<h1>Support<\/h1>\n<h2>Wir unterst\u00fctzen euch bei euren Fragen<\/h2>\n<p>Hier findet Sie Antworten auf h\u00e4ufig gestellte Fragen und k\u00f6nnen Kontakt zum Service-Team aufnehmen.<\/p>\n<p><a href=\"https:\/\/e-bike-hinweise.moqo.de\/\"><br \/>\n<\/a><\/p>\n<h4>\n\t\t\t\t\t<a href=\"https:\/\/e-bike-hinweise.moqo.de\/\"><br \/>\nNutzungshinweise\t\t\t\t\t<\/a><\/h4>\n<p><a href=\"#faq\"><br \/>\n<\/a><\/p>\n<h4>\n\t\t\t\t\t<a href=\"#faq\"><br \/>\nFAQ\t\t\t\t\t<\/a><\/h4>\n<p><a href=\"mailto:info@velocity-limburg.nl\" target=\"_blank\" rel=\"noopener\"><br \/>\n<\/a><\/p>\n<h4>\n\t\t\t\t\t<a href=\"mailto:info@velocity-limburg.nl\" target=\"_blank\" rel=\"noopener\"><br \/>\nKundenservice\t\t\t\t\t<\/a><\/h4>\n<h2>F.A.Q.<\/h2>\n<h5>Registrierung<\/h5>\n<p><a href=\"\">Welche Voraussetzungen muss ich erf\u00fcllen, um Kunde zu werden?<\/a><\/p>\n<ul>\n<li>Sie haben mindestens das 16. Lebensjahr vollendet.&nbsp;<\/li>\n<li>Sie sollten mit den Regeln der Stra\u00dfenverkehrsordnung \/StVO) vertraut sein.<\/li>\n<li>Es wird ein Bankkonto in den SEPA-L\u00e4ndern, eine Mastercard oder eine VISA ben\u00f6tigt.<\/li>\n<li>Sie sollten einen g\u00fcltigen Zugang zu einer E-Mail-Adresse haben.<\/li>\n<\/ul>\n<p><a href=\"\">Wie registriere ich mich?<\/a><\/p>\n<p>Die Registrierung kann entweder \u00fcber die Smartphone-App oder online \u00fcber das Webportal erfolgen. Im Rahmen Ihres Registrierungsantrags werden personenbezogene Daten abgefragt. Danach wird eine Bonit\u00e4ts- und Identit\u00e4tspr\u00fcfung durchgef\u00fchrt. Anschlie\u00dfend erfolgt durch Velocity die Pr\u00fcfung auf Richtigkeit der angegebenen Daten.<\/p>\n<p>Nach der erfolgreichen Pr\u00fcfung werden Sie als Kunde freigeschaltet.<\/p>\n<p><a href=\"\">Kann ich ein E-Bike mieten, obwohl ich noch nicht vollj\u00e4hrig bin?<\/a><\/p>\n<p>Personen ab 16 Jahren k\u00f6nnen mit Unterzeichnung des Formulars \u201eVelocity ab 16\u201c durch den\/die Erziehungsberechtigten\/gesetzlichen Vertreter einen wirksamen Antrag auf Registrierung stellen. Das Formular muss ausgef\u00fcllt, unterzeichnet und zusammen mit einer Kopie der Personalausweise des Nutzers und Erziehungsberechtigten\/gesetzlichen Vertreter an <a href=\"mailto:info@velocity-limburg.nl\">info@velocity-limburg.nl<\/a> gesendet werden. Nach einer erfolgreichen Pr\u00fcfung auf Richtigkeit der angegebenen Daten wird der Registrierungsantrag durch Velocity angenommen.<\/p>\n<p>Das Formular \u201eVelocity ab 16\u201c finden Sie <a href=\"https:\/\/www.velocity-limburg.nl\/wp-content\/uploads\/2021\/11\/Registrierung_ab_16.pdf\">hier<\/a>.<\/p>\n<h2>F.A.Q.<\/h2>\n<h5>Bedienung<\/h5>\n<p><a href=\"\">Wie miete ich ein E-Bike?<\/a><\/p>\n<p>Zun\u00e4chst w\u00e4hlen Sie in der Kartenansicht der Smartphone-App diejenige Station aus, an der Sie den Mietvorgang beginnen wollen. Anschlie\u00dfend k\u00f6nnen Sie sich ein E-Bike aussuchen. Mit der Best\u00e4tigung der Ausleihe \u00fcber die Smartphone-App, best\u00e4tigen Sie auch die Entriegelung des E-Bikes. Anschlie\u00dfend beginnen die LED-Leuchten an der Station gr\u00fcn zu blinken. Ab diesem Zeitpunkt beginnt die Laufzeit, sodass Sie das E-Bike aus der Station ziehen und losfahren k\u00f6nnen.<\/p>\n<p><a href=\"\">Wie gebe ich ein E-Bike zur\u00fcck?<\/a><\/p>\n<p>Die R\u00fcckgabe eines E-Bikes endet an einer Station des Verleihsystems von Velocity. Dabei muss das E-Bike in eine freie und auch funktionierende Verrieglungseinheit eingeschoben werden. Sobald das E-Bike eingeschoben wurde, fangen die gr\u00fcnen LED-Leuten an zu blinken. Danach erfolgt eine automatische Schlie\u00dfung des Fahrradschlosses. Anschlie\u00dfend m\u00fcssen Sie die R\u00fcckgabe in der Smartphone-App best\u00e4tigen. Erst nach dieser Best\u00e4tigung wird der Mietvorgang beendet.<\/p>\n<p>Sollte an der geplanten R\u00fcckgabestation keine freie Verriegelungseinheit verf\u00fcgbar sein, m\u00fcssen Sie die Fahrt an einer anderen R\u00fcckgabestation mit einer freien, funktionierenden Verriegelungseinheit beenden. Wird ein Fahrrad vor oder neben einer Station abgestellt, weil alle Verriegelungseinheiten belegt sind, wird der Mietvorgang weiterberechnet.<\/p>\n<p><a href=\"\">Woher wei\u00df ich, dass der Mietvorgang beendet wurde?<\/a><\/p>\n<p>Die erfolgreiche R\u00fcckgabe durch Einschieben des E-Bikes, Schlie\u00dfung des Fahrradschlosses und die R\u00fcckgabebest\u00e4tigung in der Smartphone-App werden durch ein gr\u00fcnes Blinken der entsprechenden LED-Leuchten und einer Best\u00e4tigung in der Smartphone-App angezeigt.<\/p>\n<p>Ein anderes Signal der LED-Leuchten, insbesondere ein rotes Blinken oder das Ausbleiben eines Signals bedeutet, dass der R\u00fcckgabeversuch nicht erfolgreich war und der Mietvorgang weiterl\u00e4uft. In diesem Fall sind die Hinweise in der Smartphone-App zu beachten.<\/p>\n<p><a href=\"\">Was signalisieren die unterschiedlichen LED-Farben an den Stationen?<\/a><\/p>\n<ul>\n<li><strong>Blau:<\/strong> E-Bike ist reserviert.<\/li>\n<li><strong>Gr\u00fcn:<\/strong> Verriegelungseinheit oder E-Bike ist frei.<\/li>\n<li><strong>Gr\u00fcnes Blinken bei der Ausleihe:<\/strong> E-Bike kann entnommen werden.<\/li>\n<li><strong>Gr\u00fcnes Blinken bei der R\u00fcckgabe:<\/strong> E-Bike wurde erfolgreich zur\u00fcckgegeben.<\/li>\n<li><strong>Rotes Blinken bei der Ausleihe:<\/strong> Es ist ein Problem aufgetreten. Die Hinweise in der App sind zu beachten.<\/li>\n<li><strong>Rotes Blinken bei der R\u00fcckgabe:<\/strong> Der R\u00fcckgabeversuch war nicht erfolgreich und der Mietvorgang l\u00e4uft weiter. Die Hinweise in der App sind zu beachten.<\/li>\n<li><strong>Farblos:<\/strong> Verriegelungseinheit ist deaktiviert und kann bei der R\u00fcckgabe nicht genutzt werden.<\/li>\n<\/ul>\n<p><a href=\"\">Wie finde ich ein E-Bike in meiner N\u00e4he?<\/a><\/p>\n<p>In der Smartphone-App finden Sie eine Karten\u00fcbersicht, die jede einzelne Station mit der jeweiligen Anzahl an E-Bikes anzeigt. Au\u00dferdem haben Sie die M\u00f6glichkeit, den aktuellen Ladestand vor dem Mietbeginn einzusehen. Auf Grundlage dieser Angabe k\u00f6nnen Sie die m\u00f6gliche Reichweite absch\u00e4tzen.<\/p>\n<p><a href=\"\">Kann ich ein E-Bike reservieren?<\/a><\/p>\n<p>Vor dem Mietbeginn besteht die M\u00f6glichkeit, ein E-Bike bis zu 15 Minuten im Voraus \u00fcber die Smartphone-App zu reservieren. Dazu klicken Sie auf diejenige Station, an der ihr Mietvorgang beginnen soll und w\u00e4hlen ein E-Bike aus. Anschlie\u00dfend best\u00e4tigen Sie die Reservierung.<\/p>\n<p><a href=\"\">Kann ich das E-Bike auch au\u00dferhalb einer Station abstellen?<\/a><\/p>\n<p>Die E-Bikes sind mit Schl\u00f6ssern ausgestattet, durch die sie auch au\u00dferhalb der Stationen f\u00fcr einen Zwischenstopp gesichert werden k\u00f6nnen. Sowohl die Verriegelung als auch die Entriegelung erfolgt ausschlie\u00dflich \u00fcber die Smartphone-App. Durch eine Nutzung des Schlosses au\u00dferhalb einer Station wird die entgeltpflichtige Nutzung jedoch nicht beendet.<\/p>\n<p><a href=\"\">Welche Tarif-Optionen gibt es?<\/a><\/p>\n<p>Aktuell bieten wir den Basistarif f\u00fcr 1,50\u20ac\/halbe Stunde an. Zudem gibt es ein Monatsabo: Mit dem Velo30 Tarif sind die ersten 30 Minuten der Fahrt sind inklusive. Anschlie\u00dfend wird der Basistarif mit 1,50 \u20ac pro 30 Minuten berechnet.<\/p>\n<p><a href=\"\">Ist der Tarif abh\u00e4ngig von der zur\u00fcckgelegten Strecke?<\/a><\/p>\n<p>Nein. Ab dem Entnahmezeitpunkt wird nicht die Strecke gez\u00e4hlt. Es wird ausschlie\u00dflich die Zeit zwischen Entnahmezeitpunkt und R\u00fcckgabezeitpunkt gez\u00e4hlt.<\/p>\n<p><a href=\"\">Wird der Tarif automatisch verl\u00e4ngert?<\/a><\/p>\n<p>Sofern die automatische Verl\u00e4ngerung aktiviert ist, verl\u00e4ngert sich eine Tarif-Option automatisch um die gebuchte Laufzeit. Die automatische Verl\u00e4ngerung k\u00f6nnen Sie jederzeit deaktivieren. Diese muss jedoch sp\u00e4testens vor Auslauf der gebuchten Tarif-Option deaktiviert werden, wenn keine erneute Buchung und damit eine K\u00fcndigung der Tarif-Option gew\u00fcnscht ist.<\/p>\n<h2>F.A.Q.<\/h2>\n<h5>Haftung<\/h5>\n<p><a href=\"\">Was mache ich, wenn ich einen Schaden verursache?<\/a><\/p>\n<p>Wird das E-Bike oder auch die Station w\u00e4hrend der Nutzung, Entnahme oder R\u00fcckgabe besch\u00e4digt, m\u00fcssen Sie dies Velocity umgehend mitteilen.<\/p>\n<p><a href=\"\">Wie sollte ich mich nach einem Unfall verhalten?<\/a><\/p>\n<p>Bei einem Unfall mit Personenschaden oder im Falle eines Unfalls mit Beteiligung eines Dritten ist sowohl die Polizei als auch Velocity unverz\u00fcglich in Kenntnis zu setzten.<\/p>\n<p><a href=\"\">Was soll ich tun, wenn mir ein Mangel auff\u00e4llt?<\/a><\/p>\n<p>W\u00e4hrend der Mietzeit in Erscheinung tretende M\u00e4ngel am E-Bike sind Velocity unverz\u00fcglich mitzuteilen. Die Mitteilung hat telefonisch oder via Smartphone-App zu erfolgen.<\/p>\n<p>Liegt zum Zeitpunkt der Entnahme ein Mangel am E-Bike vor, k\u00f6nnen Sie das E-Bike nach Mitteilung des Mangels an Velocity an der Entnahmestation zur\u00fcckgeben und, falls verf\u00fcgbar, gegen ein anderes E-Bike ausleihen.<\/p>\n<p>Wir werden den Mangel schnellstm\u00f6glich beheben.<\/p>\n<p><a href=\"\">Mein gemietetes E-Bike wurde gestohlen, was soll ich tun?<\/a><\/p>\n<p>Wichtig ist, dass der Verlust oder die Entwendung bspw. durch Diebstahl des E-Bikes unverz\u00fcglich Velocity mitgeteilt werden muss. Wenden Sie sich bitte auch umgehend an eine Polizeidienststelle. Im Anschluss ist das polizeiliche Aktenzeichen an Velocity zu \u00fcbermitteln.<\/p>\n<h2>F.A.Q.<\/h2>\n<h5>Datenschutz<\/h5>\n<p><a href=\"\">Welche Daten werden gespeichert?<\/a><\/p>\n<p>Grunds\u00e4tzlich wird lediglich sowohl der Anmeldungs- als auch der Abmeldungsort jeder Fahrt gespeichert. Diese Daten dienen der Abrechnung und Optimierung der angebotenen Leistungen.<\/p>\n<p>Hinsichtlich der Einzelheiten und des Umfangs der Erhebung, Speicherung und Verarbeitung von personenbezogenen Daten wird auf die auf der Homepage von Velocity abrufbare Datenschutzerkl\u00e4rung verwiesen.<\/p>\n<p><a href=\"\">Wie geht ihr mit meinen Daten um?<\/a><\/p>\n<p>F\u00fcr die Gesch\u00e4ftsabwicklung werden notwendige personenbezogene Daten erhoben und verarbeitet. Bei der Verarbeitung Ihrer pers\u00f6nlichen Daten beachtet Velocity die geltenden gesetzlichen Bestimmungen, insbesondere die Bestimmungen der EU-Datenschutzgrundverordnung und des Bundesdatenschutzgesetztes.<\/p>\n<p><a href=\"\">Wo finde ich die Datenschutzerkl\u00e4rung?<\/a><\/p>\n<p>Die Datenschutzerkl\u00e4rung finden Sie hier.<\/p>\n<p><a href=\"\" role=\"button\"><br \/>\nWIEDER NACH OBEN<br \/>\n<\/a><\/p>\n","protected":false},"excerpt":{"rendered":"<p>Support Wir unterst\u00fctzen euch bei euren Fragen Hier findet Sie Antworten auf h\u00e4ufig gestellte Fragen und k\u00f6nnen Kontakt zum Service-Team aufnehmen. Nutzungshinweise FAQ Kundenservice F.A.Q. Registrierung Welche Voraussetzungen muss ich erf\u00fcllen, um Kunde zu werden? Sie haben mindestens das 16. Lebensjahr vollendet.&nbsp; Sie sollten mit den Regeln der Stra\u00dfenverkehrsordnung \/StVO) vertraut sein. Es wird ein &hellip;<\/p>\n<p class=\"read-more\"> <a class=\"\" href=\"https:\/\/www.velocity-limburg.nl\/de\/hulp\/\"> <span class=\"screen-reader-text\">Support<\/span> Weiterlesen &raquo;<\/a><\/p>\n","protected":false},"author":9,"featured_media":0,"parent":0,"menu_order":0,"comment_status":"closed","ping_status":"closed","template":"","meta":{"site-sidebar-layout":"no-sidebar","site-content-layout":"page-builder","ast-global-header-display":"","ast-main-header-display":"","ast-hfb-above-header-display":"","ast-hfb-below-header-display":"","ast-hfb-mobile-header-display":"","site-post-title":"disabled","ast-breadcrumbs-content":"","ast-featured-img":"disabled","footer-sml-layout":"","theme-transparent-header-meta":"enabled","adv-header-id-meta":"","stick-header-meta":"","header-above-stick-meta":"","header-main-stick-meta":"","header-below-stick-meta":"","footnotes":""},"class_list":["post-452","page","type-page","status-publish","hentry"],"translation":{"provider":"WPGlobus","version":"3.0.2","language":"de","enabled_languages":["nl","de","en"],"languages":{"nl":{"title":true,"content":true,"excerpt":false},"de":{"title":true,"content":true,"excerpt":false},"en":{"title":true,"content":true,"excerpt":false}}},"yoast_head":"<!-- This site is optimized with the Yoast SEO plugin v20.10 - https:\/\/yoast.com\/wordpress\/plugins\/seo\/ -->\n<title>Support - Velocity Limburg B.V.<\/title>\n<meta name=\"description\" content=\"Hier findet Sie Antworten auf h\u00e4ufig gestellte Fragen und Sie k\u00f6nnen Kontakt zum Service-Team aufnehmen.\" \/>\n<meta name=\"robots\" content=\"index, follow, max-snippet:-1, max-image-preview:large, max-video-preview:-1\" \/>\n<link rel=\"canonical\" href=\"https:\/\/www.velocity-limburg.nl\/hulp\/\" \/>\n<meta property=\"og:locale\" content=\"de_DE\" \/>\n<meta property=\"og:type\" content=\"article\" \/>\n<meta property=\"og:title\" content=\"Support - Velocity Limburg B.V.\" \/>\n<meta property=\"og:description\" content=\"Hier findet Sie Antworten auf h\u00e4ufig gestellte Fragen und Sie k\u00f6nnen Kontakt zum Service-Team aufnehmen.\" \/>\n<meta property=\"og:url\" content=\"https:\/\/www.velocity-limburg.nl\/hulp\/\" \/>\n<meta property=\"og:site_name\" content=\"Velocity Limburg B.V.\" \/>\n<meta property=\"article:publisher\" content=\"https:\/\/www.facebook.com\/velocitysiegerland\" \/>\n<meta property=\"article:modified_time\" content=\"2022-10-27T06:09:29+00:00\" \/>\n<meta name=\"twitter:card\" content=\"summary_large_image\" \/>\n<meta name=\"twitter:label1\" content=\"Gesch\u00e4tzte Lesezeit\" \/>\n\t<meta name=\"twitter:data1\" content=\"7\u00a0Minuten\" \/>\n<script type=\"application\/ld+json\" class=\"yoast-schema-graph\">{\"@context\":\"https:\/\/schema.org\",\"@graph\":[{\"@type\":\"WebPage\",\"@id\":\"https:\/\/www.velocity-limburg.nl\/hulp\/\",\"url\":\"https:\/\/www.velocity-limburg.nl\/hulp\/\",\"name\":\"Support - Velocity Limburg B.V.\",\"isPartOf\":{\"@id\":\"https:\/\/www.velocity-limburg.nl\/#website\"},\"datePublished\":\"2018-11-27T08:17:56+00:00\",\"dateModified\":\"2022-10-27T06:09:29+00:00\",\"description\":\"Here you will find answers to frequently asked questions and you can contact the service team.\",\"breadcrumb\":{\"@id\":\"https:\/\/www.velocity-limburg.nl\/hulp\/#breadcrumb\"},\"inLanguage\":\"de\",\"potentialAction\":[{\"@type\":\"ReadAction\",\"target\":[\"https:\/\/www.velocity-limburg.nl\/hulp\/\"]}]},{\"@type\":\"BreadcrumbList\",\"@id\":\"https:\/\/www.velocity-limburg.nl\/hulp\/#breadcrumb\",\"itemListElement\":[{\"@type\":\"ListItem\",\"position\":1,\"name\":\"Startseite\",\"item\":\"https:\/\/www.velocity-limburg.nl\/\"},{\"@type\":\"ListItem\",\"position\":2,\"name\":\"Support\"}]},{\"@type\":\"WebSite\",\"@id\":\"https:\/\/www.velocity-limburg.nl\/#website\",\"url\":\"https:\/\/www.velocity-limburg.nl\/\",\"name\":\"Velocity Limburg B.V.\",\"description\":\"\",\"publisher\":{\"@id\":\"https:\/\/www.velocity-limburg.nl\/#organization\"},\"potentialAction\":[{\"@type\":\"SearchAction\",\"target\":{\"@type\":\"EntryPoint\",\"urlTemplate\":\"https:\/\/www.velocity-limburg.nl\/?s={search_term_string}\"},\"query-input\":\"required name=search_term_string\"}],\"inLanguage\":\"de\"},{\"@type\":\"Organization\",\"@id\":\"https:\/\/www.velocity-limburg.nl\/#organization\",\"name\":\"Velocity Limburg B.V.\",\"url\":\"https:\/\/www.velocity-limburg.nl\/\",\"logo\":{\"@type\":\"ImageObject\",\"inLanguage\":\"de\",\"@id\":\"https:\/\/www.velocity-limburg.nl\/#\/schema\/logo\/image\/\",\"url\":\"https:\/\/www.velocity-limburg.nl\/wp-content\/uploads\/2021\/12\/VCL_Logo_weiss.png\",\"contentUrl\":\"https:\/\/www.velocity-limburg.nl\/wp-content\/uploads\/2021\/12\/VCL_Logo_weiss.png\",\"width\":2202,\"height\":728,\"caption\":\"Velocity Limburg B.V.\"},\"image\":{\"@id\":\"https:\/\/www.velocity-limburg.nl\/#\/schema\/logo\/image\/\"},\"sameAs\":[\"https:\/\/www.facebook.com\/velocitysiegerland\",\"https:\/\/www.instagram.com\/velocity.siegerland\/\",\"https:\/\/www.linkedin.com\/company\/velocity-mobility\/\"]}]}<\/script>\n<!-- \/ Yoast SEO plugin. -->","yoast_head_json":{"title":"Support - Velocity Limburg B.V.","description":"Hier findet Sie Antworten auf h\u00e4ufig gestellte Fragen und Sie k\u00f6nnen Kontakt zum Service-Team aufnehmen.","robots":{"index":"index","follow":"follow","max-snippet":"max-snippet:-1","max-image-preview":"max-image-preview:large","max-video-preview":"max-video-preview:-1"},"canonical":"https:\/\/www.velocity-limburg.nl\/hulp\/","og_locale":"de_DE","og_type":"article","og_title":"Support - Velocity Limburg B.V.","og_description":"Hier findet Sie Antworten auf h\u00e4ufig gestellte Fragen und Sie k\u00f6nnen Kontakt zum Service-Team aufnehmen.","og_url":"https:\/\/www.velocity-limburg.nl\/hulp\/","og_site_name":"Velocity Limburg B.V.","article_publisher":"https:\/\/www.facebook.com\/velocitysiegerland","article_modified_time":"2022-10-27T06:09:29+00:00","twitter_card":"summary_large_image","twitter_misc":{"Gesch\u00e4tzte Lesezeit":"7\u00a0Minuten"},"schema":{"@context":"https:\/\/schema.org","@graph":[{"@type":"WebPage","@id":"https:\/\/www.velocity-limburg.nl\/hulp\/","url":"https:\/\/www.velocity-limburg.nl\/hulp\/","name":"Support - Velocity Limburg B.V.","isPartOf":{"@id":"https:\/\/www.velocity-limburg.nl\/#website"},"datePublished":"2018-11-27T08:17:56+00:00","dateModified":"2022-10-27T06:09:29+00:00","description":"Here you will find answers to frequently asked questions and you can contact the service team.","breadcrumb":{"@id":"https:\/\/www.velocity-limburg.nl\/hulp\/#breadcrumb"},"inLanguage":"de","potentialAction":[{"@type":"ReadAction","target":["https:\/\/www.velocity-limburg.nl\/hulp\/"]}]},{"@type":"BreadcrumbList","@id":"https:\/\/www.velocity-limburg.nl\/hulp\/#breadcrumb","itemListElement":[{"@type":"ListItem","position":1,"name":"Startseite","item":"https:\/\/www.velocity-limburg.nl\/"},{"@type":"ListItem","position":2,"name":"Support"}]},{"@type":"WebSite","@id":"https:\/\/www.velocity-limburg.nl\/#website","url":"https:\/\/www.velocity-limburg.nl\/","name":"Velocity Limburg B.V.","description":"","publisher":{"@id":"https:\/\/www.velocity-limburg.nl\/#organization"},"potentialAction":[{"@type":"SearchAction","target":{"@type":"EntryPoint","urlTemplate":"https:\/\/www.velocity-limburg.nl\/?s={search_term_string}"},"query-input":"required name=search_term_string"}],"inLanguage":"de"},{"@type":"Organization","@id":"https:\/\/www.velocity-limburg.nl\/#organization","name":"Velocity Limburg B.V.","url":"https:\/\/www.velocity-limburg.nl\/","logo":{"@type":"ImageObject","inLanguage":"de","@id":"https:\/\/www.velocity-limburg.nl\/#\/schema\/logo\/image\/","url":"https:\/\/www.velocity-limburg.nl\/wp-content\/uploads\/2021\/12\/VCL_Logo_weiss.png","contentUrl":"https:\/\/www.velocity-limburg.nl\/wp-content\/uploads\/2021\/12\/VCL_Logo_weiss.png","width":2202,"height":728,"caption":"Velocity Limburg B.V."},"image":{"@id":"https:\/\/www.velocity-limburg.nl\/#\/schema\/logo\/image\/"},"sameAs":["https:\/\/www.facebook.com\/velocitysiegerland","https:\/\/www.instagram.com\/velocity.siegerland\/","https:\/\/www.linkedin.com\/company\/velocity-mobility\/"]}]}},"_links":{"self":[{"href":"https:\/\/www.velocity-limburg.nl\/de\/wp-json\/wp\/v2\/pages\/452","targetHints":{"allow":["GET"]}}],"collection":[{"href":"https:\/\/www.velocity-limburg.nl\/de\/wp-json\/wp\/v2\/pages"}],"about":[{"href":"https:\/\/www.velocity-limburg.nl\/de\/wp-json\/wp\/v2\/types\/page"}],"author":[{"embeddable":true,"href":"https:\/\/www.velocity-limburg.nl\/de\/wp-json\/wp\/v2\/users\/9"}],"replies":[{"embeddable":true,"href":"https:\/\/www.velocity-limburg.nl\/de\/wp-json\/wp\/v2\/comments?post=452"}],"version-history":[{"count":10,"href":"https:\/\/www.velocity-limburg.nl\/de\/wp-json\/wp\/v2\/pages\/452\/revisions"}],"predecessor-version":[{"id":3374,"href":"https:\/\/www.velocity-limburg.nl\/de\/wp-json\/wp\/v2\/pages\/452\/revisions\/3374"}],"wp:attachment":[{"href":"https:\/\/www.velocity-limburg.nl\/de\/wp-json\/wp\/v2\/media?parent=452"}],"curies":[{"name":"wp","href":"https:\/\/api.w.org\/{rel}","templated":true}]}}