{"id":448,"date":"2021-11-24T09:16:00","date_gmt":"2021-11-24T08:16:00","guid":{"rendered":"https:\/\/www.velocity-limburg.nl\/home\/"},"modified":"2024-03-15T00:23:43","modified_gmt":"2024-03-14T23:23:43","slug":"velocity-e-bike-sharing","status":"publish","type":"page","link":"https:\/\/www.velocity-limburg.nl\/de\/","title":{"rendered":"Home"},"content":{"rendered":"<h1>\n<h1 data-elementor-setting-key=\"title\" data-pen-placeholder=\"Eingabe hier...\" style=\"font-style: normal; text-align: center;\">Velocity E-Bike Sharing<br \/>in Limburg<\/h1>\n<\/h1>\n<p>Im Rahmen des Investitionsprogramms Regio Deal Parkstad Limburg werden zwanzig Velocity E-Bike-Sharing-Stationen in ganz Parkstad errichtet. Damit wird die Parkstad Limburg an das bestehende Netz von rund 100 Stationen in und um Aachen angeschlossen, darunter einer in Kerkrade und einer in Vaals. Das Netz bildet eine attraktive, nachhaltige, gesunde und bezahlbare Alternative zum grenz\u00fcberschreitenden Verkehr in der gesamten Region Parkstad-Aachen.<\/p>\n<h2>Was uns auszeichnet<\/h2>\n<p>Mit unserem Projekt wollen wir Teil der Verkehrswende auf regionaler Ebene sein. Wir freuen uns darauf, einen Beitrag zur Reduzierung der CO2-Emissionen und zur Verbesserung der Luftqualit\u00e4t und des Lebensumfelds in Limburg zu leisten.<\/p>\n<p>\t\t\t\t\t\t\t\t\t\t\t\t<img decoding=\"async\" width=\"768\" height=\"512\" src=\"https:\/\/www.velocity-limburg.nl\/wp-content\/uploads\/2022\/02\/MG_0828-768x512.jpg\" alt=\"\" loading=\"lazy\" srcset=\"https:\/\/www.velocity-limburg.nl\/wp-content\/uploads\/2022\/02\/MG_0828-768x512.jpg 768w, https:\/\/www.velocity-limburg.nl\/wp-content\/uploads\/2022\/02\/MG_0828-300x200.jpg 300w, https:\/\/www.velocity-limburg.nl\/wp-content\/uploads\/2022\/02\/MG_0828-1024x683.jpg 1024w, https:\/\/www.velocity-limburg.nl\/wp-content\/uploads\/2022\/02\/MG_0828-1536x1024.jpg 1536w, https:\/\/www.velocity-limburg.nl\/wp-content\/uploads\/2022\/02\/MG_0828-2048x1365.jpg 2048w\" sizes=\"auto, (max-width: 768px) 100vw, 768px\" \/>\t\t\t\t\t\t\t\t\t\t\t\t\t\t<\/p>\n<ul>\n<li>\n\t\t\t\t\t\t\t\t\t\t<b>Umweltfreundlich<\/b><br \/>emissionsfrei und gesund reisen\n\t\t\t\t\t\t\t\t\t<\/li>\n<li>\n\t\t\t\t\t\t\t\t\t\t<b>Elektrisch<\/b><br \/>Dank des E-Motors bezwingen Sie jede Piste mit Leichtigkeit\n\t\t\t\t\t\t\t\t\t<\/li>\n<li>\n\t\t\t\t\t\t\t\t\t\t<b>Erschwinglich<\/b><br \/>Komfortable Elektromobilit\u00e4t f\u00fcr wenig Geld\n\t\t\t\t\t\t\t\t\t<\/li>\n<li>\n\t\t\t\t\t\t\t\t\t\t<b>Sorgenfrei<\/b><br \/>Keine Kosten oder Sorgen \u00fcber Wartung und Reparaturen\n\t\t\t\t\t\t\t\t\t<\/li>\n<li>\n\t\t\t\t\t\t\t\t\t\t<b>Unkompliziert<\/b> <br \/>Einfache und schnelle Bedienung \u00fcber Smartphone-App\n\t\t\t\t\t\t\t\t\t<\/li>\n<li>\n\t\t\t\t\t\t\t\t\t\t<b>Flexibel <\/b><br \/>rund um die Uhr ein E-Bike in Ihrer N\u00e4he finden\n\t\t\t\t\t\t\t\t\t<\/li>\n<\/ul>\n<h2>Wie Velocity funktioniert<\/h2>\n<p>\t\t\t\t\t\t\t\t\t\t\t\t<img decoding=\"async\" width=\"1024\" height=\"683\" src=\"https:\/\/www.velocity-limburg.nl\/wp-content\/uploads\/2022\/02\/VCShoot-5-1024x683.jpg\" alt=\"\" loading=\"lazy\" srcset=\"https:\/\/www.velocity-limburg.nl\/wp-content\/uploads\/2022\/02\/VCShoot-5-1024x683.jpg 1024w, https:\/\/www.velocity-limburg.nl\/wp-content\/uploads\/2022\/02\/VCShoot-5-300x200.jpg 300w, https:\/\/www.velocity-limburg.nl\/wp-content\/uploads\/2022\/02\/VCShoot-5-768x512.jpg 768w, https:\/\/www.velocity-limburg.nl\/wp-content\/uploads\/2022\/02\/VCShoot-5-1536x1024.jpg 1536w, https:\/\/www.velocity-limburg.nl\/wp-content\/uploads\/2022\/02\/VCShoot-5-2048x1365.jpg 2048w\" sizes=\"auto, (max-width: 1024px) 100vw, 1024px\" \/>\t\t\t\t\t\t\t\t\t\t\t\t\t\t<\/p>\n<h3>\n<h3 data-elementor-setting-key=\"title\" data-pen-placeholder=\"Eingabe hier...\" style=\"font-style: normal;\">Ausleihen und Losfahren <\/h3>\n<\/h3>\n<p>Die Buchung eines E-Bikes erfolgt einfach \u00fcber die Smartphone-App. Einfach die gew\u00fcnschte Station und das E-Bike ausw\u00e4hlen und los geht&#8217;s.<\/p>\n<h3>Sportlich und sicher ans Ziel<\/h3>\n<p>Sie brauchen ein schnelles Fahrrad und wollen gleich loslegen? Dank des integrierten Schlosses kann das E-Bike unterwegs verschlossen und \u00fcber die App wieder ge\u00f6ffnet werden.<\/p>\n<p>\t\t\t\t\t\t\t\t\t\t\t\t<img decoding=\"async\" width=\"1024\" height=\"683\" src=\"https:\/\/www.velocity-limburg.nl\/wp-content\/uploads\/2022\/02\/VCShoot-13-1024x683.jpg\" alt=\"\" loading=\"lazy\" srcset=\"https:\/\/www.velocity-limburg.nl\/wp-content\/uploads\/2022\/02\/VCShoot-13-1024x683.jpg 1024w, https:\/\/www.velocity-limburg.nl\/wp-content\/uploads\/2022\/02\/VCShoot-13-300x200.jpg 300w, https:\/\/www.velocity-limburg.nl\/wp-content\/uploads\/2022\/02\/VCShoot-13-768x512.jpg 768w, https:\/\/www.velocity-limburg.nl\/wp-content\/uploads\/2022\/02\/VCShoot-13-1536x1024.jpg 1536w, https:\/\/www.velocity-limburg.nl\/wp-content\/uploads\/2022\/02\/VCShoot-13-2048x1365.jpg 2048w\" sizes=\"auto, (max-width: 1024px) 100vw, 1024px\" \/><br \/>\n\t\t\t\t\t\t\t\t\t\t\t\t<img decoding=\"async\" width=\"1024\" height=\"683\" src=\"https:\/\/www.velocity-limburg.nl\/wp-content\/uploads\/2022\/02\/VCShoot-3-1024x683.jpg\" alt=\"\" loading=\"lazy\" srcset=\"https:\/\/www.velocity-limburg.nl\/wp-content\/uploads\/2022\/02\/VCShoot-3-1024x683.jpg 1024w, https:\/\/www.velocity-limburg.nl\/wp-content\/uploads\/2022\/02\/VCShoot-3-300x200.jpg 300w, https:\/\/www.velocity-limburg.nl\/wp-content\/uploads\/2022\/02\/VCShoot-3-768x512.jpg 768w, https:\/\/www.velocity-limburg.nl\/wp-content\/uploads\/2022\/02\/VCShoot-3-1536x1024.jpg 1536w, https:\/\/www.velocity-limburg.nl\/wp-content\/uploads\/2022\/02\/VCShoot-3-2048x1365.jpg 2048w\" sizes=\"auto, (max-width: 1024px) 100vw, 1024px\" \/>\t\t\t\t\t\t\t\t\t\t\t\t\t\t<\/p>\n<h3>R\u00fcckkehr zu einer beliebigen Station<\/h3>\n<p>Die Fahrt kann an jeder beliebigen Station beendet werden. Alles, was Sie tun m\u00fcssen, ist, das E-Bike in einen freien Parkplatz an der gew\u00e4hlten Station zu schieben.<\/p>\n<h2>Registrieren<\/h2>\n<p>\u00a0Melden Sie sich einfach und jederzeit online an.<\/p>\n<p>\t\t\t<a href=\"https:\/\/www.velocity-limburg.nl\/registreren\/\"><br \/>\n\t\t\t\t\t\tREGISTRIERUNG<br \/>\n\t\t\t\t\t<\/a><br \/>\n\t\t\t\t\t\t\t\t\t\t\t\t\t<a href=\"https:\/\/www.velocity-limburg.nl\/wp-content\/uploads\/2022\/12\/Velocity-Parkstad-Limburg-Overzicht-netwerk-scaled.jpg\" data-elementor-open-lightbox=\"yes\" data-elementor-lightbox-title=\"Velocity-Parkstad-Limburg-Overzicht-netwerk\" data-e-action-hash=\"#elementor-action%3Aaction%3Dlightbox%26settings%3DeyJpZCI6MzQ0MywidXJsIjoiaHR0cHM6XC9cL3d3dy52ZWxvY2l0eS1saW1idXJnLm5sXC93cC1jb250ZW50XC91cGxvYWRzXC8yMDIyXC8xMlwvVmVsb2NpdHktUGFya3N0YWQtTGltYnVyZy1PdmVyemljaHQtbmV0d2Vyay1zY2FsZWQuanBnIn0%3D\"><br \/>\n\t\t\t\t\t\t\t<img decoding=\"async\" width=\"1024\" height=\"492\" src=\"https:\/\/www.velocity-limburg.nl\/wp-content\/uploads\/2022\/12\/Velocity-Parkstad-Limburg-Overzicht-netwerk-1024x492.jpg\" alt=\"\" loading=\"lazy\" srcset=\"https:\/\/www.velocity-limburg.nl\/wp-content\/uploads\/2022\/12\/Velocity-Parkstad-Limburg-Overzicht-netwerk-1024x492.jpg 1024w, https:\/\/www.velocity-limburg.nl\/wp-content\/uploads\/2022\/12\/Velocity-Parkstad-Limburg-Overzicht-netwerk-300x144.jpg 300w, https:\/\/www.velocity-limburg.nl\/wp-content\/uploads\/2022\/12\/Velocity-Parkstad-Limburg-Overzicht-netwerk-768x369.jpg 768w, https:\/\/www.velocity-limburg.nl\/wp-content\/uploads\/2022\/12\/Velocity-Parkstad-Limburg-Overzicht-netwerk-1536x739.jpg 1536w, https:\/\/www.velocity-limburg.nl\/wp-content\/uploads\/2022\/12\/Velocity-Parkstad-Limburg-Overzicht-netwerk-2048x985.jpg 2048w\" sizes=\"auto, (max-width: 1024px) 100vw, 1024px\" \/>\t\t\t\t\t\t\t\t<\/a><br \/>\n\t\t\t<a href=\"https:\/\/portal.moqo.de\/map-widget\/BAh7CEkiCGdpZAY6BkVUSSIpZ2lkOi8vbW9xby9UZWFtLzU4NzA5OTEwNj9leHBpcmVzX2F0BjsAVEkiDHB1cnBvc2UGOwBUSSIIbWFwBjsAVEkiD2V4cGlyZXNfYXQGOwBUMA==--42a87b5320effb0cb99e736d9eeae4802e82a2e8\"><br \/>\n\t\t\t\t\t\tNaar de kaart<br \/>\n\t\t\t\t\t<\/a><\/p>\n<h2>Wie benutze ich ein Nexus Bike<\/h2>\n<p>Das Video erkl\u00e4rt Schritt f\u00fcr Schritt, wie unser System funktioniert.<\/p>\n<p>https:\/\/www.youtube.com\/watch?v=4v2ajC1kMHA&#038;t=3s\t\t<\/p>\n<h2>Standorte in<br \/>\nSiegen-Wittgenstein<\/h2>\n<p>Stetig wird das Stationsnetz der Velocity weiter ausgebaut- Die aktuellen Standorte finden Sie hier.<\/p>\n<p>\t\t\t<a href=\"https:\/\/www.velocity-limburg.nl\/business\/\"><br \/>\n\t\t\t\t\t\tZUR KARTE<br \/>\n\t\t\t\t\t<\/a><\/p>\n<h2>Basistarif<\/h2>\n<h2>1,50 \u20ac<\/h2>\n<p>f\u00fcr 30 minuten<\/p>\n<p style=\"font-size: 16px; font-style: normal; font-weight: 400;\">F\u00fcr jede angefangene 30-min\u00fctige Nutzung werden 1,50 \u20ac berechnet.<\/p>\n<p style=\"font-size: 16px; font-style: normal; font-weight: 400;\">Anmeldegeb\u00fchr: 3,00 \u20ac (wird f\u00fcr die ersten beiden Sitzungen von je 30 Minuten gutgeschrieben)<\/p>\n<p>\t\t\t<a href=\"https:\/\/portal.velocitymobility.com\/js_sign_up\/676617402\"><br \/>\n\t\t\t\t\t\tBOOK NOW<br \/>\n\t\t\t\t\t<\/a><\/p>\n<h2>Velo30 Tarif<\/h2>\n<h2>28 \u20ac<\/h2>\n<p>Grundbetrag f\u00fcr 30 Tage<\/p>\n<p style=\"font-size: 16px; font-style: normal; font-weight: 400;\">Die ersten 30 Minuten der Nutzung sind inbegriffen.<\/p>\n<p style=\"font-size: 16px; font-style: normal; font-weight: 400;\">Danach gilt ein Grundtarif von 1,50 \u20ac pro 30 Minuten.<\/p>\n<p style=\"font-size: 16px; font-style: normal; font-weight: 400;\">Keine Anmeldegeb\u00fchr<\/p>\n<p>\t\t\t<a href=\"https:\/\/portal.velocitymobility.com\/js_sign_up\/676617402\"><br \/>\n\t\t\t\t\t\tBOOK NOW<br \/>\n\t\t\t\t\t<\/a><\/p>\n<h2>Velo365 Tarif<\/h2>\n<h2>224 \u20ac<\/h2>\n<p>f\u00fcr ein Jahr<\/p>\n<p>Die ersten 30 Minuten der Nutzung sind bei jeder Reservierung kostenlos. Danach wird Ihnen der Basistarif berechnet.<\/p>\n<p>Jederzeit k\u00fcndbar &#8211; nach Ablauf des gebuchten Abonnements wird Ihnen der Grundpreis berechnet.<\/p>\n<p>\t\t\t<a href=\"https:\/\/portal.velocitymobility.com\/js_sign_up\/676617402\"><br \/>\n\t\t\t\t\t\tBOOK NOW<br \/>\n\t\t\t\t\t<\/a><\/p>\n<h2>Firmenkunden<\/h2>\n<p>M\u00f6chten Sie sich als Unternehmen hervorheben und einen wichtigen Schritt in Richtung eines klimaneutralen Limburgs machen? Wir m\u00f6chten Ihnen gerne unser Leistungsangebot vorstellen.<\/p>\n<p>\t\t\t<a href=\"https:\/\/www.velocity-limburg.nl\/bedrijf\/\"><br \/>\n\t\t\t\t\t\tMEHR ERFAHREN<br \/>\n\t\t\t\t\t<\/a><\/p>\n<h2>\n<h2>Unsere Partner<\/h2>\n<\/h2>\n<p style=\"font-size: 16px;\">Velocity wird durch die Bem\u00fchungen vieler Partner realisiert.<\/p>\n<figure><img decoding=\"async\" src=\"https:\/\/www.velocity-limburg.nl\/wp-content\/uploads\/2023\/12\/LogoEinpassung7.png\" alt=\"BTM\" \/><\/figure>\n<figure><img decoding=\"async\" src=\"https:\/\/www.velocity-limburg.nl\/wp-content\/uploads\/2022\/05\/LogoEinpassung6-1.jpg\" alt=\"Interreg\" \/><\/figure>\n<figure><img decoding=\"async\" src=\"https:\/\/www.velocity-limburg.nl\/wp-content\/uploads\/2022\/05\/LogoEinpassung.jpg\" alt=\"Parkstad Limburg\" \/><\/figure>\n<figure><img decoding=\"async\" src=\"https:\/\/www.velocity-limburg.nl\/wp-content\/uploads\/2022\/05\/LogoEinpassung2.jpg\" alt=\"Provincie Limburg\" \/><\/figure>\n<figure><img decoding=\"async\" src=\"https:\/\/www.velocity-limburg.nl\/wp-content\/uploads\/2022\/05\/LogoEinpassung3.jpg\" alt=\"emr connect\" \/><\/figure>\n<figure><img decoding=\"async\" src=\"https:\/\/www.velocity-limburg.nl\/wp-content\/uploads\/2022\/05\/LogoEinpassung4.jpg\" alt=\"Parkstad Transformeert\" \/><\/figure>\n<figure><img decoding=\"async\" src=\"https:\/\/www.velocity-limburg.nl\/wp-content\/uploads\/2022\/05\/LogoEinpassung5.jpg\" alt=\"VCM\" \/><\/figure>\n<h2>Das sagen unsere Partner:<\/h2>\n<p>\t\t\t\t\t\t\t&#8222;Lectus, nonummy et. Occaecat delectus erat, minima dapibus ornare nunc, autem. Lorem ipsum dolor sit amet, consectetur adipiscing elit. Ut elit tellus, luctus nec ullamcorper mattis, dapibus leo.&#8220;<br \/>\n\t\t\t\t\t\t\t<img decoding=\"async\" src=\"https:\/\/www.velocity-limburg.nl\/wp-content\/uploads\/2021\/02\/member2-1.jpg\" title=\"\" alt=\"\" loading=\"lazy\" \/><br \/>\n\t\t\t\t\t\t\t\t\t\t\t\t\t\tMark Sommers<br \/>\n\t\t\t\t\t\t\t\t\t\t\t\t\t\t\t\t\t\t\t\t\t\tDesigner<br \/>\n\t\t\t\t\t\t\t&#8222;Lectus, nonummy et. Occaecat delectus erat, minima dapibus ornare nunc, autem. Lorem ipsum dolor sit amet, consectetur adipiscing elit. Ut elit tellus, luctus nec ullamcorper mattis, dapibus leo.&#8220;<br \/>\n\t\t\t\t\t\t\t<img decoding=\"async\" src=\"https:\/\/www.velocity-limburg.nl\/wp-content\/uploads\/2021\/02\/member2-1.jpg\" title=\"\" alt=\"\" loading=\"lazy\" \/><br \/>\n\t\t\t\t\t\t\t\t\t\t\t\t\t\tMark Sommers<br \/>\n\t\t\t\t\t\t\t\t\t\t\t\t\t\t\t\t\t\t\t\t\t\tDesigner<br \/>\n\t\t\t\t\t\t\t&#8222;Lectus, nonummy et. Occaecat delectus erat, minima dapibus ornare nunc, autem. Lorem ipsum dolor sit amet, consectetur adipiscing elit. Ut elit tellus, luctus nec ullamcorper mattis, dapibus leo.&#8220;<br \/>\n\t\t\t\t\t\t\t<img decoding=\"async\" src=\"https:\/\/www.velocity-limburg.nl\/wp-content\/uploads\/2021\/02\/member2-1.jpg\" title=\"\" alt=\"\" loading=\"lazy\" \/><br \/>\n\t\t\t\t\t\t\t\t\t\t\t\t\t\tMark Sommers<br \/>\n\t\t\t\t\t\t\t\t\t\t\t\t\t\t\t\t\t\t\t\t\t\tDesigner<\/p>\n<h2>Velocity in anderen St\u00e4dten<\/h2>\n<p>\t\t\t\t\t\t\t\t\t\t\t\t\t<a href=\"https:\/\/www.velocity-aachen.de\/\" target=\"_blank\" rel=\"noopener\"><br \/>\n\t\t\t\t\t\t\t<img decoding=\"async\" width=\"850\" height=\"539\" src=\"https:\/\/www.velocity-limburg.nl\/wp-content\/uploads\/2021\/02\/Logos4.jpg\" alt=\"velocity-siegerland-Aachen\" loading=\"lazy\" srcset=\"https:\/\/www.velocity-limburg.nl\/wp-content\/uploads\/2021\/02\/Logos4.jpg 850w, https:\/\/www.velocity-limburg.nl\/wp-content\/uploads\/2021\/02\/Logos4-300x190.jpg 300w, https:\/\/www.velocity-limburg.nl\/wp-content\/uploads\/2021\/02\/Logos4-768x487.jpg 768w\" sizes=\"auto, (max-width: 850px) 100vw, 850px\" \/>\t\t\t\t\t\t\t\t<\/a><\/p>\n<h3>Aachen<\/h3>\n<p>Velocity Aachen ist das erste E-Bike-Sharing-System von Velocity. Das Projekt begann 2013 im Rahmen einer Diplomarbeit an der RWTH Aachen. Das Projekt stie\u00df schnell auf begeisterte Zustimmung, so dass das Unternehmen 2014 mit Unterst\u00fctzung von Prof. Achim Kampker gegr\u00fcndet wurde. Das System verf\u00fcgt derzeit \u00fcber 100 Stationen und mehr als 250 E-Bikes.<\/p>\n<p>\u00a0<\/p>\n<p>\t\t\t\t\t\t\t\t\t\t\t\t\t<a href=\"https:\/\/velocity-siegerland.de\/\"><br \/>\n\t\t\t\t\t\t\t<img decoding=\"async\" width=\"850\" height=\"539\" src=\"https:\/\/www.velocity-limburg.nl\/wp-content\/uploads\/2021\/02\/Webseit-Siegen-Logos.png\" alt=\"\" loading=\"lazy\" srcset=\"https:\/\/www.velocity-limburg.nl\/wp-content\/uploads\/2021\/02\/Webseit-Siegen-Logos.png 850w, https:\/\/www.velocity-limburg.nl\/wp-content\/uploads\/2021\/02\/Webseit-Siegen-Logos-300x190.png 300w, https:\/\/www.velocity-limburg.nl\/wp-content\/uploads\/2021\/02\/Webseit-Siegen-Logos-768x487.png 768w\" sizes=\"auto, (max-width: 850px) 100vw, 850px\" \/>\t\t\t\t\t\t\t\t<\/a><\/p>\n<h3>Siegerland<\/h3>\n<p>Mit dem E-Bike-Sharing-System von Velocity Mobility l\u00e4sst sich die geografisch anspruchsvolle Landschaft des Siegerlandes in Zukunft m\u00fchelos erobern &#8211; mehr dazu in K\u00fcrze!<\/p>\n<p>\t\t\t<a href=\"https:\/\/www.velocity-limburg.nl\/#\"><br \/>\n\t\t\t\t\t\tZUR\u00dcCK NACH OBEN<br \/>\n\t\t\t\t\t<\/a><\/p>\n","protected":false},"excerpt":{"rendered":"<p>Velocity E-Bike Sharingin Limburg Im Rahmen des Investitionsprogramms Regio Deal Parkstad Limburg werden zwanzig Velocity E-Bike-Sharing-Stationen in ganz Parkstad errichtet. Damit wird die Parkstad Limburg an das bestehende Netz von rund 100 Stationen in und um Aachen angeschlossen, darunter einer in Kerkrade und einer in Vaals. Das Netz bildet eine attraktive, nachhaltige, gesunde und bezahlbare &hellip;<\/p>\n<p class=\"read-more\"> <a class=\"\" href=\"https:\/\/www.velocity-limburg.nl\/de\/\"> <span class=\"screen-reader-text\">Home<\/span> Weiterlesen &raquo;<\/a><\/p>\n","protected":false},"author":9,"featured_media":0,"parent":0,"menu_order":0,"comment_status":"closed","ping_status":"closed","template":"","meta":{"site-sidebar-layout":"no-sidebar","site-content-layout":"page-builder","ast-global-header-display":"","ast-main-header-display":"","ast-hfb-above-header-display":"","ast-hfb-below-header-display":"","ast-hfb-mobile-header-display":"","site-post-title":"disabled","ast-breadcrumbs-content":"","ast-featured-img":"disabled","footer-sml-layout":"","theme-transparent-header-meta":"enabled","adv-header-id-meta":"","stick-header-meta":"","header-above-stick-meta":"","header-main-stick-meta":"","header-below-stick-meta":"","footnotes":""},"class_list":["post-448","page","type-page","status-publish","hentry"],"translation":{"provider":"WPGlobus","version":"3.0.2","language":"de","enabled_languages":["nl","de","en"],"languages":{"nl":{"title":true,"content":true,"excerpt":false},"de":{"title":true,"content":true,"excerpt":false},"en":{"title":true,"content":true,"excerpt":false}}},"yoast_head":"<!-- This site is optimized with the Yoast SEO plugin v20.10 - https:\/\/yoast.com\/wordpress\/plugins\/seo\/ -->\n<title>Velocity Limburg | Flexibel | Duurzaam | Voordelig<\/title>\n<meta name=\"robots\" content=\"index, follow, max-snippet:-1, max-image-preview:large, max-video-preview:-1\" \/>\n<link rel=\"canonical\" href=\"https:\/\/www.velocity-limburg.nl\/\" \/>\n<meta property=\"og:locale\" content=\"de_DE\" \/>\n<meta property=\"og:type\" content=\"article\" \/>\n<meta property=\"og:title\" content=\"Home - Velocity Limburg B.V.\" \/>\n<meta property=\"og:url\" content=\"https:\/\/www.velocity-limburg.nl\/\" \/>\n<meta property=\"og:site_name\" content=\"Velocity Limburg B.V.\" \/>\n<meta property=\"article:publisher\" content=\"https:\/\/www.facebook.com\/velocitysiegerland\" \/>\n<meta property=\"article:modified_time\" content=\"2024-03-14T23:23:43+00:00\" \/>\n<meta property=\"og:image\" content=\"https:\/\/www.velocity-limburg.nl\/wp-content\/uploads\/2022\/02\/MG_0828-768x512.jpg\" \/>\n<meta name=\"twitter:card\" content=\"summary_large_image\" \/>\n<meta name=\"twitter:label1\" content=\"Gesch\u00e4tzte Lesezeit\" \/>\n\t<meta name=\"twitter:data1\" content=\"9\u00a0Minuten\" \/>\n<script type=\"application\/ld+json\" class=\"yoast-schema-graph\">{\"@context\":\"https:\/\/schema.org\",\"@graph\":[{\"@type\":\"WebPage\",\"@id\":\"https:\/\/www.velocity-limburg.nl\/\",\"url\":\"https:\/\/www.velocity-limburg.nl\/\",\"name\":\"Velocity Limburg | Flexibel | Duurzaam | Voordelig\",\"isPartOf\":{\"@id\":\"https:\/\/www.velocity-limburg.nl\/#website\"},\"datePublished\":\"2021-11-24T08:16:00+00:00\",\"dateModified\":\"2024-03-14T23:23:43+00:00\",\"description\":\"Velocity staat voor flexibele en duurzame mobiliteit in Limburg en omgeving. Wij bieden een grensoverschrijdend e-bike verhuursysteem.\",\"breadcrumb\":{\"@id\":\"https:\/\/www.velocity-limburg.nl\/#breadcrumb\"},\"inLanguage\":\"de\",\"potentialAction\":[{\"@type\":\"ReadAction\",\"target\":[\"https:\/\/www.velocity-limburg.nl\/\"]}]},{\"@type\":\"BreadcrumbList\",\"@id\":\"https:\/\/www.velocity-limburg.nl\/#breadcrumb\",\"itemListElement\":[{\"@type\":\"ListItem\",\"position\":1,\"name\":\"Startseite\",\"item\":\"https:\/\/www.velocity-limburg.nl\/\"},{\"@type\":\"ListItem\",\"position\":2,\"name\":\"Home\"}]},{\"@type\":\"WebSite\",\"@id\":\"https:\/\/www.velocity-limburg.nl\/#website\",\"url\":\"https:\/\/www.velocity-limburg.nl\/\",\"name\":\"Velocity Limburg B.V.\",\"description\":\"\",\"publisher\":{\"@id\":\"https:\/\/www.velocity-limburg.nl\/#organization\"},\"potentialAction\":[{\"@type\":\"SearchAction\",\"target\":{\"@type\":\"EntryPoint\",\"urlTemplate\":\"https:\/\/www.velocity-limburg.nl\/?s={search_term_string}\"},\"query-input\":\"required name=search_term_string\"}],\"inLanguage\":\"de\"},{\"@type\":\"Organization\",\"@id\":\"https:\/\/www.velocity-limburg.nl\/#organization\",\"name\":\"Velocity Limburg B.V.\",\"url\":\"https:\/\/www.velocity-limburg.nl\/\",\"logo\":{\"@type\":\"ImageObject\",\"inLanguage\":\"de\",\"@id\":\"https:\/\/www.velocity-limburg.nl\/#\/schema\/logo\/image\/\",\"url\":\"https:\/\/www.velocity-limburg.nl\/wp-content\/uploads\/2021\/12\/VCL_Logo_weiss.png\",\"contentUrl\":\"https:\/\/www.velocity-limburg.nl\/wp-content\/uploads\/2021\/12\/VCL_Logo_weiss.png\",\"width\":2202,\"height\":728,\"caption\":\"Velocity Limburg B.V.\"},\"image\":{\"@id\":\"https:\/\/www.velocity-limburg.nl\/#\/schema\/logo\/image\/\"},\"sameAs\":[\"https:\/\/www.facebook.com\/velocitysiegerland\",\"https:\/\/www.instagram.com\/velocity.siegerland\/\",\"https:\/\/www.linkedin.com\/company\/velocity-mobility\/\"]}]}<\/script>\n<!-- \/ Yoast SEO plugin. -->","yoast_head_json":{"title":"Velocity Limburg | Flexibel | Duurzaam | Voordelig","robots":{"index":"index","follow":"follow","max-snippet":"max-snippet:-1","max-image-preview":"max-image-preview:large","max-video-preview":"max-video-preview:-1"},"canonical":"https:\/\/www.velocity-limburg.nl\/","og_locale":"de_DE","og_type":"article","og_title":"Home - Velocity Limburg B.V.","og_url":"https:\/\/www.velocity-limburg.nl\/","og_site_name":"Velocity Limburg B.V.","article_publisher":"https:\/\/www.facebook.com\/velocitysiegerland","article_modified_time":"2024-03-14T23:23:43+00:00","og_image":[{"url":"https:\/\/www.velocity-limburg.nl\/wp-content\/uploads\/2022\/02\/MG_0828-768x512.jpg"}],"twitter_card":"summary_large_image","twitter_misc":{"Gesch\u00e4tzte Lesezeit":"9\u00a0Minuten"},"schema":{"@context":"https:\/\/schema.org","@graph":[{"@type":"WebPage","@id":"https:\/\/www.velocity-limburg.nl\/","url":"https:\/\/www.velocity-limburg.nl\/","name":"Velocity Limburg | Flexibel | Duurzaam | Voordelig","isPartOf":{"@id":"https:\/\/www.velocity-limburg.nl\/#website"},"datePublished":"2021-11-24T08:16:00+00:00","dateModified":"2024-03-14T23:23:43+00:00","description":"Velocity staat voor flexibele en duurzame mobiliteit in Limburg en omgeving. Wij bieden een grensoverschrijdend e-bike verhuursysteem.","breadcrumb":{"@id":"https:\/\/www.velocity-limburg.nl\/#breadcrumb"},"inLanguage":"de","potentialAction":[{"@type":"ReadAction","target":["https:\/\/www.velocity-limburg.nl\/"]}]},{"@type":"BreadcrumbList","@id":"https:\/\/www.velocity-limburg.nl\/#breadcrumb","itemListElement":[{"@type":"ListItem","position":1,"name":"Startseite","item":"https:\/\/www.velocity-limburg.nl\/"},{"@type":"ListItem","position":2,"name":"Home"}]},{"@type":"WebSite","@id":"https:\/\/www.velocity-limburg.nl\/#website","url":"https:\/\/www.velocity-limburg.nl\/","name":"Velocity Limburg B.V.","description":"","publisher":{"@id":"https:\/\/www.velocity-limburg.nl\/#organization"},"potentialAction":[{"@type":"SearchAction","target":{"@type":"EntryPoint","urlTemplate":"https:\/\/www.velocity-limburg.nl\/?s={search_term_string}"},"query-input":"required name=search_term_string"}],"inLanguage":"de"},{"@type":"Organization","@id":"https:\/\/www.velocity-limburg.nl\/#organization","name":"Velocity Limburg B.V.","url":"https:\/\/www.velocity-limburg.nl\/","logo":{"@type":"ImageObject","inLanguage":"de","@id":"https:\/\/www.velocity-limburg.nl\/#\/schema\/logo\/image\/","url":"https:\/\/www.velocity-limburg.nl\/wp-content\/uploads\/2021\/12\/VCL_Logo_weiss.png","contentUrl":"https:\/\/www.velocity-limburg.nl\/wp-content\/uploads\/2021\/12\/VCL_Logo_weiss.png","width":2202,"height":728,"caption":"Velocity Limburg B.V."},"image":{"@id":"https:\/\/www.velocity-limburg.nl\/#\/schema\/logo\/image\/"},"sameAs":["https:\/\/www.facebook.com\/velocitysiegerland","https:\/\/www.instagram.com\/velocity.siegerland\/","https:\/\/www.linkedin.com\/company\/velocity-mobility\/"]}]}},"_links":{"self":[{"href":"https:\/\/www.velocity-limburg.nl\/de\/wp-json\/wp\/v2\/pages\/448","targetHints":{"allow":["GET"]}}],"collection":[{"href":"https:\/\/www.velocity-limburg.nl\/de\/wp-json\/wp\/v2\/pages"}],"about":[{"href":"https:\/\/www.velocity-limburg.nl\/de\/wp-json\/wp\/v2\/types\/page"}],"author":[{"embeddable":true,"href":"https:\/\/www.velocity-limburg.nl\/de\/wp-json\/wp\/v2\/users\/9"}],"replies":[{"embeddable":true,"href":"https:\/\/www.velocity-limburg.nl\/de\/wp-json\/wp\/v2\/comments?post=448"}],"version-history":[{"count":11,"href":"https:\/\/www.velocity-limburg.nl\/de\/wp-json\/wp\/v2\/pages\/448\/revisions"}],"predecessor-version":[{"id":3790,"href":"https:\/\/www.velocity-limburg.nl\/de\/wp-json\/wp\/v2\/pages\/448\/revisions\/3790"}],"wp:attachment":[{"href":"https:\/\/www.velocity-limburg.nl\/de\/wp-json\/wp\/v2\/media?parent=448"}],"curies":[{"name":"wp","href":"https:\/\/api.w.org\/{rel}","templated":true}]}}