{"id":3702,"date":"2024-03-25T20:45:45","date_gmt":"2024-03-25T19:45:45","guid":{"rendered":"https:\/\/www.velocity-limburg.nl\/rechtliches\/"},"modified":"2024-03-25T22:49:51","modified_gmt":"2024-03-25T21:49:51","slug":"wettelijk","status":"publish","type":"page","link":"https:\/\/www.velocity-limburg.nl\/de\/wettelijk\/","title":{"rendered":"Rechtliches\u200b"},"content":{"rendered":"<h1>Rechtliches<\/h1>\n<p>\t\t\t\t<a href=\"#afdruk\" tabindex=\"-1\"><br \/>\n\t\t\t\t\t\t\t\t<\/a><\/p>\n<h4>\n\t\t\t\t\t<a href=\"#afdruk\" ><br \/>\n\t\t\t\t\t\tImpressum\t\t\t\t\t<\/a><br \/>\n\t\t\t\t<\/h4>\n<p>\t\t\t\t<a href=\"#agb\" target=\"_blank\" tabindex=\"-1\" rel=\"noopener\"><br \/>\n\t\t\t\t\t\t\t\t<\/a><\/p>\n<h4>\n\t\t\t\t\t<a href=\"#agb\" target=\"_blank\" rel=\"noopener\"><br \/>\n\t\t\t\t\t\tAGB\t\t\t\t\t<\/a><br \/>\n\t\t\t\t<\/h4>\n<p>\t\t\t\t<a href=\"#data\" target=\"_blank\" tabindex=\"-1\" rel=\"noopener\"><br \/>\n\t\t\t\t\t\t\t\t<\/a><\/p>\n<h4>\n\t\t\t\t\t<a href=\"#data\" target=\"_blank\" rel=\"noopener\"><br \/>\n\t\t\t\t\t\tDatenschutz\t\t\t\t\t<\/a><br \/>\n\t\t\t\t<\/h4>\n<h2>Impressum<\/h2>\n<section>\n<p><b>Betreiber<\/b><\/p>\n<p>Velocity Limburg B.V.<\/p>\n<p><strong>Kontakt<\/strong><\/p>\n<p>Velocity Limburg B.V.,&nbsp;Bohr 10, NL &#8211; 6422 RL Heerlen<\/p>\n<p>Telefon: +49 241 56528248<\/p>\n<p>E-Mail:&nbsp;<a style=\"font-size: 16px; background-color: #ffffff;\" href=\"mailto:info@velocity-limburg.nl\" target=\"_blank\" rel=\"noopener\">info@velocity-limburg.nl<\/a><\/p>\n<p><b>Vertretung und Register<\/b><\/p>\n<p>Gesch\u00e4ftsf\u00fchrer:&nbsp;Benedikt Markett<\/p>\n<p>KvK-Nummer: 80823017<\/p>\n<p>Btw-Nummer: 8618.14.010.B.01<\/p>\n<p><b>Bildquellen<\/b><\/p>\n<p>Adobe Stock, Pixabay &amp; Eigenerstellung<\/p>\n<p><b>Reproduktion &amp; Urheberrecht<\/b><\/p>\n<p><a href=\"http:\/\/www.doku.works\/\" target=\"_blank\" rel=\"noopener\">www.doku.works<\/a><\/p>\n<p>Geistiges Eigentum dritter Parteien ist hiervon ausgenommen.<\/p>\n<p><b>Haftungsausschuss<\/b><\/p>\n<p>Die Inhalte dieser Website werden mit gr\u00f6\u00dftm\u00f6glicher Sorgfalt erstellt. Der Anbieter \u00fcbernimmt jedoch keine Gew\u00e4hr f\u00fcr die Richtigkeit, Vollst\u00e4ndigkeit und Aktualit\u00e4t der bereitgestellten Inhalte. Die Nutzung der Inhalte der Website erfolgt auf eigene Gefahr des Nutzers. Namentlich gekennzeichnete Beitr\u00e4ge geben die Meinung des jeweiligen Autors und nicht immer die Meinung des Anbieters wieder. Mit der reinen Nutzung der Website des Anbieters kommt keinerlei Vertragsverh\u00e4ltnis zwischen dem Nutzer und dem Anbieter zustande.<\/p>\n<p><strong style=\"font-size: 16px;\">Externe Links<\/strong><\/p>\n<p>Wir betonen ausdr\u00fccklich, dass wir keinerlei Einfluss auf die Gestaltung und die Inhalte der gelinkten Seiten haben. Zum Zeitpunkt der Verlinkung lagen keine Erkenntnisse \u00fcber rechtlich problematische Seiten vor. \u00c4nderungen der Inhalte oder Gestaltung nach der Verlinkung liegen nicht in unserem Verantwortungsbereich.<\/p>\n<\/section>\n<h2>Allgemeine Gesch\u00e4ftsbedingungen<\/h2>\n<section>\n<p><strong>Download AGB:<\/strong><\/p>\n<p><a href=\"https:\/\/www.velocity-limburg.nl\/wp-content\/uploads\/2022\/03\/Allgemeine-Geschaeftsbedingungen_VCA_ab-01-12-2021-DENL.pdf\" target=\"_blank\" rel=\"noopener\">Velocity Allgemeine Gesch\u00e4ftsbedingungen (DE + NL)<\/a><\/p>\n<p>\u00a0<\/p>\n<p style=\"font-size: 16px;\">Download Preisliste:<\/p>\n<p style=\"font-size: 16px;\"><a href=\"https:\/\/www.velocity-limburg.nl\/wp-content\/uploads\/2024\/03\/Prijslijst-Velocity-Limburg_15.03.2024.pdf\" target=\"_blank\" rel=\"noopener\">Velocity Preisliste (NL)<\/a><\/p>\n<p style=\"font-size: 16px;\">\u00a0<\/p>\n<p style=\"font-size: 16px;\">Download Pr\u00fcfanleitung:<\/p>\n<p style=\"font-size: 16px;\"><a href=\"https:\/\/www.velocity-limburg.nl\/wp-content\/uploads\/2022\/03\/Inspectie-instructies-Velocity-Limburg.pdf\" target=\"_blank\" rel=\"noopener\">Velocity Pr\u00fcfanleitung (NL)<\/a><\/p>\n<\/section>\n<h2>Datenschutzerkl\u00e4rung<\/h2>\n<p><b>Pr\u00e4ambel<\/b><\/p>\n<p>Die Betreiber dieser Seiten nehmen den Schutz Ihrer pers\u00f6nlichen Daten sehr ernst. Wir behandeln Ihre personenbezogenen Daten vertraulich und entsprechend der gesetzlichen Datenschutzvorschriften sowie dieser Datenschutzerkl\u00e4rung.<\/p>\n<p>Die Nutzung unserer Webseite ist in der Regel ohne Angabe personenbezogener Daten m\u00f6glich. Soweit auf unseren Seiten personenbezogene Daten (beispielsweise Name, Anschrift oder E-Mail-Adressen) erhoben werden, erfolgt dies, soweit m\u00f6glich, stets auf freiwilliger Basis. Diese Daten werden ohne Ihre ausdr\u00fcckliche Zustimmung nicht an Dritte weitergegeben.<\/p>\n<p>Wir weisen darauf hin, dass die Daten\u00fcbertragung im Internet (z.B. bei der Kommunikation per E-Mail) Sicherheitsl\u00fccken aufweisen kann. Ein l\u00fcckenloser Schutz der Daten vor dem Zugriff durch Dritte ist nicht m\u00f6glich.<\/p>\n<p><strong>Name und Anschrift des Verantwortlichen:<\/strong><\/p>\n<p>Verantwortlich f\u00fcr die Verarbeitung personenbezogener Daten im Rahmen dieses Webauftritts gem\u00e4\u00df den Vorschriften der Datenschutzgrundverordnung (DSGVO) ist:<\/p>\n<p style=\"font-size: 16px; font-style: normal; font-weight: 400;\">Velocity Limburg B.V.,\u00a0Bohr 10,\u00a0NL &#8211;\u00a06422 RL Heerlen<\/p>\n<p style=\"font-size: 16px; font-style: normal; font-weight: 400;\">Telefon: +49 241 56528248<\/p>\n<p style=\"font-size: 16px; font-style: normal; font-weight: 400;\">E-Mail:\u00a0<a style=\"font-size: 16px; background-color: #ffffff;\" href=\"mailto:info@velocity-limburg.nl\" target=\"_blank\" rel=\"noopener\">info@velocity-limburg.nl<\/a><\/p>\n<p>Datenschutzbeauftragte der Velocity Limburg B.V. ist die dokuworks GmbH, <br \/>vertreten durch Herrn Markus Weber.<br \/>E-Mail:\u00a0<a href=\"mailto:datenschutz@doku.works\" target=\"_blank\" rel=\"noopener\">datenschutz@doku.works<\/a><br \/>Telefon: +49 271 77237-60<\/p>\n<p><strong>Websites:<\/strong><\/p>\n<p>www.velocity-limburg.nl<br \/>portal.velocitymobility.com<\/p>\n<p>\u00a0<\/p>\n<p><strong>Downloads:<\/strong><\/p>\n<p><a href=\"https:\/\/www.velocity-limburg.nl\/wp-content\/uploads\/2024\/03\/VCL_Datenschutzerklarung_15.03.2022_de.pdf\" target=\"_blank\" rel=\"noopener\">Velocity Datenschutzerkl\u00e4rung (DE)\u00a0<\/a><\/p>\n<p>\t\t\t<a href=\"#top\"><br \/>\n\t\t\t\t\t\tZUR\u00dcCK NACH OBEN<br \/>\n\t\t\t\t\t<\/a><\/p>\n","protected":false},"excerpt":{"rendered":"<p>Rechtliches Impressum AGB Datenschutz Impressum Betreiber Velocity Limburg B.V. Kontakt Velocity Limburg B.V.,&nbsp;Bohr 10, NL &#8211; 6422 RL Heerlen Telefon: +49 241 56528248 E-Mail:&nbsp;info@velocity-limburg.nl Vertretung und Register Gesch\u00e4ftsf\u00fchrer:&nbsp;Benedikt Markett KvK-Nummer: 80823017 Btw-Nummer: 8618.14.010.B.01 Bildquellen Adobe Stock, Pixabay &amp; Eigenerstellung Reproduktion &amp; Urheberrecht www.doku.works Geistiges Eigentum dritter Parteien ist hiervon ausgenommen. Haftungsausschuss Die Inhalte dieser Website &hellip;<\/p>\n<p class=\"read-more\"> <a class=\"\" href=\"https:\/\/www.velocity-limburg.nl\/de\/wettelijk\/\"> <span class=\"screen-reader-text\">Rechtliches\u200b<\/span> Weiterlesen &raquo;<\/a><\/p>\n","protected":false},"author":9,"featured_media":0,"parent":0,"menu_order":0,"comment_status":"closed","ping_status":"closed","template":"","meta":{"site-sidebar-layout":"no-sidebar","site-content-layout":"page-builder","ast-global-header-display":"","ast-main-header-display":"","ast-hfb-above-header-display":"","ast-hfb-below-header-display":"","ast-hfb-mobile-header-display":"","site-post-title":"disabled","ast-breadcrumbs-content":"","ast-featured-img":"disabled","footer-sml-layout":"","theme-transparent-header-meta":"enabled","adv-header-id-meta":"","stick-header-meta":"","header-above-stick-meta":"","header-main-stick-meta":"","header-below-stick-meta":"","footnotes":""},"class_list":["post-3702","page","type-page","status-publish","hentry"],"translation":{"provider":"WPGlobus","version":"3.0.2","language":"de","enabled_languages":["nl","de","en"],"languages":{"nl":{"title":true,"content":true,"excerpt":false},"de":{"title":true,"content":true,"excerpt":false},"en":{"title":true,"content":true,"excerpt":false}}},"yoast_head":"<!-- This site is optimized with the Yoast SEO plugin v20.10 - https:\/\/yoast.com\/wordpress\/plugins\/seo\/ -->\n<title>Rechtliches\u200b - Velocity Limburg B.V.<\/title>\n<meta name=\"robots\" content=\"index, follow, max-snippet:-1, max-image-preview:large, max-video-preview:-1\" \/>\n<link rel=\"canonical\" href=\"https:\/\/www.velocity-limburg.nl\/wettelijk\/\" \/>\n<meta property=\"og:locale\" content=\"de_DE\" \/>\n<meta property=\"og:type\" content=\"article\" \/>\n<meta property=\"og:title\" content=\"Rechtliches\u200b - Velocity Limburg B.V.\" \/>\n<meta property=\"og:url\" content=\"https:\/\/www.velocity-limburg.nl\/wettelijk\/\" \/>\n<meta property=\"og:site_name\" content=\"Velocity Limburg B.V.\" \/>\n<meta property=\"article:publisher\" content=\"https:\/\/www.facebook.com\/velocitysiegerland\" \/>\n<meta property=\"article:modified_time\" content=\"2024-03-25T21:49:51+00:00\" \/>\n<meta name=\"twitter:card\" content=\"summary_large_image\" \/>\n<meta name=\"twitter:label1\" content=\"Gesch\u00e4tzte Lesezeit\" \/>\n\t<meta name=\"twitter:data1\" content=\"3\u00a0Minuten\" \/>\n<script type=\"application\/ld+json\" class=\"yoast-schema-graph\">{\"@context\":\"https:\/\/schema.org\",\"@graph\":[{\"@type\":\"WebPage\",\"@id\":\"https:\/\/www.velocity-limburg.nl\/wettelijk\/\",\"url\":\"https:\/\/www.velocity-limburg.nl\/wettelijk\/\",\"name\":\"Rechtliches\u200b - Velocity Limburg B.V.\",\"isPartOf\":{\"@id\":\"https:\/\/www.velocity-limburg.nl\/#website\"},\"datePublished\":\"2024-03-25T19:45:45+00:00\",\"dateModified\":\"2024-03-25T21:49:51+00:00\",\"breadcrumb\":{\"@id\":\"https:\/\/www.velocity-limburg.nl\/wettelijk\/#breadcrumb\"},\"inLanguage\":\"de\",\"potentialAction\":[{\"@type\":\"ReadAction\",\"target\":[\"https:\/\/www.velocity-limburg.nl\/wettelijk\/\"]}]},{\"@type\":\"BreadcrumbList\",\"@id\":\"https:\/\/www.velocity-limburg.nl\/wettelijk\/#breadcrumb\",\"itemListElement\":[{\"@type\":\"ListItem\",\"position\":1,\"name\":\"Startseite\",\"item\":\"https:\/\/www.velocity-limburg.nl\/\"},{\"@type\":\"ListItem\",\"position\":2,\"name\":\"Wettelijke kennisgeving\u200b\"}]},{\"@type\":\"WebSite\",\"@id\":\"https:\/\/www.velocity-limburg.nl\/#website\",\"url\":\"https:\/\/www.velocity-limburg.nl\/\",\"name\":\"Velocity Limburg B.V.\",\"description\":\"\",\"publisher\":{\"@id\":\"https:\/\/www.velocity-limburg.nl\/#organization\"},\"potentialAction\":[{\"@type\":\"SearchAction\",\"target\":{\"@type\":\"EntryPoint\",\"urlTemplate\":\"https:\/\/www.velocity-limburg.nl\/?s={search_term_string}\"},\"query-input\":\"required name=search_term_string\"}],\"inLanguage\":\"de\"},{\"@type\":\"Organization\",\"@id\":\"https:\/\/www.velocity-limburg.nl\/#organization\",\"name\":\"Velocity Limburg B.V.\",\"url\":\"https:\/\/www.velocity-limburg.nl\/\",\"logo\":{\"@type\":\"ImageObject\",\"inLanguage\":\"de\",\"@id\":\"https:\/\/www.velocity-limburg.nl\/#\/schema\/logo\/image\/\",\"url\":\"https:\/\/www.velocity-limburg.nl\/wp-content\/uploads\/2021\/12\/VCL_Logo_weiss.png\",\"contentUrl\":\"https:\/\/www.velocity-limburg.nl\/wp-content\/uploads\/2021\/12\/VCL_Logo_weiss.png\",\"width\":2202,\"height\":728,\"caption\":\"Velocity Limburg B.V.\"},\"image\":{\"@id\":\"https:\/\/www.velocity-limburg.nl\/#\/schema\/logo\/image\/\"},\"sameAs\":[\"https:\/\/www.facebook.com\/velocitysiegerland\",\"https:\/\/www.instagram.com\/velocity.siegerland\/\",\"https:\/\/www.linkedin.com\/company\/velocity-mobility\/\"]}]}<\/script>\n<!-- \/ Yoast SEO plugin. -->","yoast_head_json":{"title":"Rechtliches\u200b - Velocity Limburg B.V.","robots":{"index":"index","follow":"follow","max-snippet":"max-snippet:-1","max-image-preview":"max-image-preview:large","max-video-preview":"max-video-preview:-1"},"canonical":"https:\/\/www.velocity-limburg.nl\/wettelijk\/","og_locale":"de_DE","og_type":"article","og_title":"Rechtliches\u200b - Velocity Limburg B.V.","og_url":"https:\/\/www.velocity-limburg.nl\/wettelijk\/","og_site_name":"Velocity Limburg B.V.","article_publisher":"https:\/\/www.facebook.com\/velocitysiegerland","article_modified_time":"2024-03-25T21:49:51+00:00","twitter_card":"summary_large_image","twitter_misc":{"Gesch\u00e4tzte Lesezeit":"3\u00a0Minuten"},"schema":{"@context":"https:\/\/schema.org","@graph":[{"@type":"WebPage","@id":"https:\/\/www.velocity-limburg.nl\/wettelijk\/","url":"https:\/\/www.velocity-limburg.nl\/wettelijk\/","name":"Rechtliches\u200b - Velocity Limburg B.V.","isPartOf":{"@id":"https:\/\/www.velocity-limburg.nl\/#website"},"datePublished":"2024-03-25T19:45:45+00:00","dateModified":"2024-03-25T21:49:51+00:00","breadcrumb":{"@id":"https:\/\/www.velocity-limburg.nl\/wettelijk\/#breadcrumb"},"inLanguage":"de","potentialAction":[{"@type":"ReadAction","target":["https:\/\/www.velocity-limburg.nl\/wettelijk\/"]}]},{"@type":"BreadcrumbList","@id":"https:\/\/www.velocity-limburg.nl\/wettelijk\/#breadcrumb","itemListElement":[{"@type":"ListItem","position":1,"name":"Startseite","item":"https:\/\/www.velocity-limburg.nl\/"},{"@type":"ListItem","position":2,"name":"Wettelijke kennisgeving\u200b"}]},{"@type":"WebSite","@id":"https:\/\/www.velocity-limburg.nl\/#website","url":"https:\/\/www.velocity-limburg.nl\/","name":"Velocity Limburg B.V.","description":"","publisher":{"@id":"https:\/\/www.velocity-limburg.nl\/#organization"},"potentialAction":[{"@type":"SearchAction","target":{"@type":"EntryPoint","urlTemplate":"https:\/\/www.velocity-limburg.nl\/?s={search_term_string}"},"query-input":"required name=search_term_string"}],"inLanguage":"de"},{"@type":"Organization","@id":"https:\/\/www.velocity-limburg.nl\/#organization","name":"Velocity Limburg B.V.","url":"https:\/\/www.velocity-limburg.nl\/","logo":{"@type":"ImageObject","inLanguage":"de","@id":"https:\/\/www.velocity-limburg.nl\/#\/schema\/logo\/image\/","url":"https:\/\/www.velocity-limburg.nl\/wp-content\/uploads\/2021\/12\/VCL_Logo_weiss.png","contentUrl":"https:\/\/www.velocity-limburg.nl\/wp-content\/uploads\/2021\/12\/VCL_Logo_weiss.png","width":2202,"height":728,"caption":"Velocity Limburg B.V."},"image":{"@id":"https:\/\/www.velocity-limburg.nl\/#\/schema\/logo\/image\/"},"sameAs":["https:\/\/www.facebook.com\/velocitysiegerland","https:\/\/www.instagram.com\/velocity.siegerland\/","https:\/\/www.linkedin.com\/company\/velocity-mobility\/"]}]}},"_links":{"self":[{"href":"https:\/\/www.velocity-limburg.nl\/de\/wp-json\/wp\/v2\/pages\/3702","targetHints":{"allow":["GET"]}}],"collection":[{"href":"https:\/\/www.velocity-limburg.nl\/de\/wp-json\/wp\/v2\/pages"}],"about":[{"href":"https:\/\/www.velocity-limburg.nl\/de\/wp-json\/wp\/v2\/types\/page"}],"author":[{"embeddable":true,"href":"https:\/\/www.velocity-limburg.nl\/de\/wp-json\/wp\/v2\/users\/9"}],"replies":[{"embeddable":true,"href":"https:\/\/www.velocity-limburg.nl\/de\/wp-json\/wp\/v2\/comments?post=3702"}],"version-history":[{"count":10,"href":"https:\/\/www.velocity-limburg.nl\/de\/wp-json\/wp\/v2\/pages\/3702\/revisions"}],"predecessor-version":[{"id":3783,"href":"https:\/\/www.velocity-limburg.nl\/de\/wp-json\/wp\/v2\/pages\/3702\/revisions\/3783"}],"wp:attachment":[{"href":"https:\/\/www.velocity-limburg.nl\/de\/wp-json\/wp\/v2\/media?parent=3702"}],"curies":[{"name":"wp","href":"https:\/\/api.w.org\/{rel}","templated":true}]}}